{"id":724,"date":"2022-03-01T18:37:24","date_gmt":"2022-03-01T18:37:24","guid":{"rendered":"https:\/\/7ccc2022.hgd1952.hr\/?page_id=724"},"modified":"2022-03-07T14:30:31","modified_gmt":"2022-03-07T14:30:31","slug":"sponsors","status":"publish","type":"page","link":"https:\/\/7ccc2022.hgd1952.hr\/index.php\/sponsors\/","title":{"rendered":"Sponsors"},"content":{"rendered":"\n<div class=\"wp-block-themeisle-blocks-advanced-columns has-1-columns has-desktop-equal-layout has-tablet-equal-layout has-mobile-equal-layout has-default-gap has-vertical-unset\" id=\"wp-block-themeisle-blocks-advanced-columns-1499365b\"><div class=\"wp-block-themeisle-blocks-advanced-columns-overlay\"><\/div><div class=\"innerblocks-wrap\">\n<div class=\"wp-block-themeisle-blocks-advanced-column\" id=\"wp-block-themeisle-blocks-advanced-column-284623c3\">\n<p class=\"has-text-align-center\"><h2 class=\"has-text-align-center\"><strong>GENERAL SPONSOR<\/strong><\/h2><\/p>\n<\/div>\n<\/div><\/div>\n\n\n\n<div class=\"wp-block-image\"><figure class=\"aligncenter size-large is-resized\"><a href=\"https:\/\/geomatika-smolcak.hr\/\" target=\"_blank\" rel=\"noopener\"><img loading=\"lazy\" src=\"https:\/\/vii-hkk-2022.hgd1952.hr\/wp-content\/uploads\/2022\/03\/Geomatika_Smolcak_logotip_600dpi_03122017-1024x185.png\" alt=\"\" width=\"768\" height=\"139\"\/><\/a><\/figure><\/div>\n\n\n\n<h3 class=\"has-text-align-center\"> <strong><a href=\"https:\/\/geomatika-smolcak.hr\/\">Profesionalni geodetski instrumenti i napredna tehnolo\u0161ka rje\u0161enja za geodeziju. Ovla\u0161teni Trimble i senseFly zastupnik.<\/a><\/strong> <\/h3>\n\n\n\n<div style=\"height:100px\" aria-hidden=\"true\" class=\"wp-block-spacer\"><\/div>\n\n\n\n<h2><strong>GOLD SPONSORS<\/strong><\/h2>\n\n\n\n<figure class=\"wp-block-image size-large is-resized\"><a href=\"https:\/\/www.geowild.hr\/\" target=\"_blank\" rel=\"noopener\"><img loading=\"lazy\" src=\"https:\/\/vii-hkk-2022.hgd1952.hr\/wp-content\/uploads\/2022\/03\/LOGO-GEOWILD-1-300x58.png\" alt=\"\" width=\"300\" height=\"58\"\/><\/a><\/figure>\n\n\n\n<p>Generalni uvoznik Leica geosystems za Hrvatsku. Ovla\u0161eni certificirani Leica servis.<\/p>\n\n\n\n<figure class=\"wp-block-image size-large is-resized\"><a href=\"https:\/\/geocentar.com\/\" target=\"_blank\" rel=\"noopener\"><img loading=\"lazy\" src=\"https:\/\/vii-hkk-2022.hgd1952.hr\/wp-content\/uploads\/2022\/03\/geocentar_logo_black.png\" alt=\"\" width=\"300\" height=\"54\"\/><\/a><\/figure>\n\n\n\n<p> Zastupanje i prodaja geodetske i gra\u0111evinske opreme i pribora. <\/p>\n\n\n\n<figure class=\"wp-block-image size-large\"><a href=\"https:\/\/3dsurvey.si\/\" target=\"_blank\" rel=\"noopener\"><img src=\"https:\/\/vii-hkk-2022.hgd1952.hr\/wp-content\/uploads\/2022\/03\/3Dsurvey-LOGO-12-2-300x93.jpg\" alt=\"\"\/><\/a><\/figure>\n\n\n\n<p>  Leading, international provider of geospatial software. Giving you control and saving you time.<\/p>\n\n\n\n<div style=\"height:100px\" aria-hidden=\"true\" class=\"wp-block-spacer\"><\/div>\n\n\n\n<h3>SILVER SPONSOR<\/h3>\n\n\n\n<figure class=\"wp-block-image size-large is-resized\"><a href=\"http:\/\/www.arcgeo.hr\/\" target=\"_blank\" rel=\"noopener\"><img loading=\"lazy\" src=\"https:\/\/vii-hkk-2022.hgd1952.hr\/wp-content\/uploads\/2022\/02\/ArcGeo_2-300x296.png\" alt=\"\" width=\"75\" height=\"74\"\/><\/a><\/figure>\n\n\n\n<p> Ovla\u0161teni distributer programskih rje\u0161enja i geodetske opreme.<\/p>\n\n\n\n<h3>BRONZE SPONSOR<\/h3>\n\n\n\n<figure class=\"wp-block-image size-large is-resized\"><a href=\"http:\/\/stonex.hr\/\"><img loading=\"lazy\" src=\"https:\/\/vii-hkk-2022.hgd1952.hr\/wp-content\/uploads\/2022\/03\/Geosustavi2022.jpg\" alt=\"\" width=\"244\" height=\"71\"\/><\/a><\/figure>\n\n\n\n<p>Ovla\u0161teni zastupnik, distributer i serviser geodetskih instrumenata STONEX S.r.l. za Hrvatsku, Sloveniju i Bosnu i Hercegovinu.<\/p>\n\n\n\n<figure class=\"wp-block-image\"><img src=\"https:\/\/vii-hkk-2022.hgd1952.hr\/wp-content\/uploads\/2022\/03\/g4526-300x131.png\" alt=\"\" class=\"wp-image-1064\"\/><\/figure>\n\n\n\n<p>Tehnomehanik&nbsp;je ekskluzivni distributer geodetskih instrumenata i opreme renomiranog svjetskog proizvo\u0111a\u010da Kolida Instrument.<\/p>\n","protected":false},"excerpt":{"rendered":"<p>Profesionalni geodetski instrumenti i napredna tehnolo\u0161ka rje\u0161enja za geodeziju. Ovla\u0161teni Trimble i senseFly zastupnik. GOLD SPONSORS Generalni uvoznik Leica geosystems za Hrvatsku. Ovla\u0161eni certificirani Leica servis. Zastupanje i prodaja geodetske i gra\u0111evinske opreme i pribora. Leading, international provider of geospatial software. Giving you control and saving you time. SILVER SPONSOR Ovla\u0161teni distributer programskih rje\u0161enja i&hellip;&nbsp;<a href=\"https:\/\/7ccc2022.hgd1952.hr\/index.php\/sponsors\/\" class=\"\" rel=\"bookmark\">Read More &raquo;<span class=\"screen-reader-text\">Sponsors<\/span><\/a><\/p>\n","protected":false},"author":1,"featured_media":0,"parent":0,"menu_order":0,"comment_status":"closed","ping_status":"closed","template":"","meta":{"neve_meta_sidebar":"","neve_meta_container":"","neve_meta_enable_content_width":"","neve_meta_content_width":0,"neve_meta_title_alignment":"","neve_meta_author_avatar":"","neve_post_elements_order":"","neve_meta_disable_header":"","neve_meta_disable_footer":"on","neve_meta_disable_title":"","_ti_tpc_template_sync":false,"_ti_tpc_template_id":""},"_links":{"self":[{"href":"https:\/\/7ccc2022.hgd1952.hr\/index.php\/wp-json\/wp\/v2\/pages\/724"}],"collection":[{"href":"https:\/\/7ccc2022.hgd1952.hr\/index.php\/wp-json\/wp\/v2\/pages"}],"about":[{"href":"https:\/\/7ccc2022.hgd1952.hr\/index.php\/wp-json\/wp\/v2\/types\/page"}],"author":[{"embeddable":true,"href":"https:\/\/7ccc2022.hgd1952.hr\/index.php\/wp-json\/wp\/v2\/users\/1"}],"replies":[{"embeddable":true,"href":"https:\/\/7ccc2022.hgd1952.hr\/index.php\/wp-json\/wp\/v2\/comments?post=724"}],"version-history":[{"count":16,"href":"https:\/\/7ccc2022.hgd1952.hr\/index.php\/wp-json\/wp\/v2\/pages\/724\/revisions"}],"predecessor-version":[{"id":791,"href":"https:\/\/7ccc2022.hgd1952.hr\/index.php\/wp-json\/wp\/v2\/pages\/724\/revisions\/791"}],"wp:attachment":[{"href":"https:\/\/7ccc2022.hgd1952.hr\/index.php\/wp-json\/wp\/v2\/media?parent=724"}],"curies":[{"name":"wp","href":"https:\/\/api.w.org\/{rel}","templated":true}]}}