{"id":250,"date":"2021-08-11T12:26:39","date_gmt":"2021-08-11T12:26:39","guid":{"rendered":"https:\/\/demosites.io\/fitness-gb\/?page_id=250"},"modified":"2022-02-07T18:30:48","modified_gmt":"2022-02-07T18:30:48","slug":"odbori","status":"publish","type":"page","link":"https:\/\/7ccc2022.hgd1952.hr\/index.php\/odbori\/","title":{"rendered":"Committees"},"content":{"rendered":"\n<div style=\"height:50px\" aria-hidden=\"true\" class=\"wp-block-spacer\"><\/div>\n\n\n\n<h2 class=\"alignwide has-text-align-center has-neve-link-color-color has-text-color\" style=\"font-size:48px;line-height:1.1\">Scientific Committee<\/h2>\n\n\n\n<p class=\"has-text-align-center has-medium-font-size\"><strong>Miodrag Roi\u0107<\/strong>, <em>president<\/em>, University of Zagreb Faculty of Geodesy, Croatia <\/p>\n\n\n\n<p class=\"has-text-align-center\">Aleksandra Radulovi\u0107, University of Novi Sad Faculty of Technical Sciences, Serbia<\/p>\n\n\n\n<p class=\"has-text-align-center\">Alias-Abdul Rahman, Universiti Teknologi Malaysia, Malaysia<\/p>\n\n\n\n<p class=\"has-text-align-center\">Ana-Cornelia Badea, Universitatea Tehnica de Constructii Bucuresti, Romania<\/p>\n\n\n\n<p class=\"has-text-align-center\">Anka Lisec, University of Ljubljana Faculty of Civil and Geodetic Engineering, Slovenia<\/p>\n\n\n\n<p class=\"has-text-align-center\">Bla\u017eenka Mi\u010devi\u0107, AGRODET, Croatia<\/p>\n\n\n\n<p class=\"has-text-align-center\">Bo\u017eena Lipej, Evro-PF, Slovenia<\/p>\n\n\n\n<p class=\"has-text-align-center\">Dubravka Sladi\u0107, University of Novi Sad Faculty of Technical Sciences, Serbia<\/p>\n\n\n\n<p class=\"has-text-align-center\">Efi Dimopoulou, National Technical University of Athens, Greece<\/p>\n\n\n\n<p class=\"has-text-align-center\">Filip Biljecki, National University of Singapore, Singapore<\/p>\n\n\n\n<p class=\"has-text-align-center\">Gerhard Navratil, Technical University Vienna, Austria<\/p>\n\n\n\n<p class=\"has-text-align-center\">Goran Andlar, University of Zagreb Faculty of Agriculture, Croatia<\/p>\n\n\n\n<p class=\"has-text-align-center\">Hrvoje Matijevi\u0107, IGEA d.o.o., Croatia<\/p>\n\n\n\n<p class=\"has-text-align-center\">Hrvoje Tomi\u0107, University of Zagreb Faculty of Geodesy, Croatia<\/p>\n\n\n\n<p class=\"has-text-align-center\">Ivana Kanceljak, University of Zagreb Faculty of Law, Croatia<\/p>\n\n\n\n<p class=\"has-text-align-center\">Ivana Racetin, University of Split Faculty of Civil Engineering, Architecture and Geodesy, Croatia<\/p>\n\n\n\n<p class=\"has-text-align-center\">Jaros\u0142aw Byd\u0142osz, AGH University of Science and Technology, Poland<\/p>\n\n\n\n<p class=\"has-text-align-center\">Jesper Paasch, University of G\u00e4vle, Sweden) \/ Aalborg University, Denmark<\/p>\n\n\n\n<p class=\"has-text-align-center\">Marcin Karabin, Warsaw University of Technology, Poland<\/p>\n\n\n\n<p class=\"has-text-align-center\">Mario Ma\u0111er, State Geodetic Administration, Croatia<\/p>\n\n\n\n<p class=\"has-text-align-center\">Marjan \u010ceh, University of Ljubljana, Faculty of Civil and Geodetiv Engineering, Slovenia<\/p>\n\n\n\n<p class=\"has-text-align-center\">Miro Govedarica, University of Novi Sad Faculty of Technical Sciences, Serbia<\/p>\n\n\n\n<p class=\"has-text-align-center\">Nikola Vu\u010di\u0107, State Geodetic Administration, Croatia<\/p>\n\n\n\n<p class=\"has-text-align-center\">Peter Van Oosterom, Delft University of Technology, The Netherlands<\/p>\n\n\n\n<p class=\"has-text-align-center\">Rinaldo Paar, University of Zagreb Faculty of Geodesy, Croatia<\/p>\n\n\n\n<p class=\"has-text-align-center\">Sini\u0161a Masteli\u0107-Ivi\u0107, University of Zagreb Faculty of Geodesy, Croatia<\/p>\n\n\n\n<p class=\"has-text-align-center\">Tomislav Ba\u0161i\u0107, Croatia<\/p>\n\n\n\n<p class=\"has-text-align-center\">Vjeran Strahonja, University of Zagreb Faculty of Organization and Informatics, Croatia<\/p>\n\n\n\n<p class=\"has-text-align-center\">Vlado Cetl, University North, Croatia<\/p>\n\n\n\n<p class=\"has-text-align-center\">Zdravko Gali\u0107, Faculty of Electrical Engineering and Computing, Croatia<\/p>\n\n\n\n<p class=\"has-text-align-center\">Zlatko Srbinoski, Faculty of Civil Engineering, North Macedonia<\/p>\n\n\n\n<p class=\"has-text-align-center\">\u017deljko Ba\u010di\u0107, University of Zagreb Faculty of Geodesy, Croatia<\/p>\n\n\n\n<p class=\"has-text-align-center\">Zdravko Kapovi\u0107, University of Zagreb Faculty of Geodesy, Croatia <\/p>\n\n\n\n<h2 class=\"alignwide has-text-align-center has-neve-link-color-color has-text-color\" style=\"font-size:48px;line-height:1.1\">Organizational committee<\/h2>\n\n\n\n<p class=\"has-text-align-center has-medium-font-size\"><strong>Rinaldo Paar<\/strong>, <em>predsjednik<\/em>,  Croatian Geodetic Society, Croatia<\/p>\n\n\n\n<p class=\"has-text-align-center has-normal-font-size\">Ozren \u0160ukali\u0107,  Croatian Geodetic Society, Croatia<\/p>\n\n\n\n<p class=\"has-text-align-center has-normal-font-size\">Hrvoje Tomi\u0107 University of Zagreb Faculty of Geodesy, Croatia&nbsp;<\/p>\n\n\n\n<p class=\"has-text-align-center has-normal-font-size\">Zdravko Kapovi\u0107,  University of Zagreb Faculty of Geodesy, Croatia<\/p>\n\n\n\n<p class=\"has-text-align-center\">Josip Zubak, State Geodetic Administration, Croatia<\/p>\n\n\n\n<p class=\"has-text-align-center has-normal-font-size\">Ivana Racetin, &nbsp;University of Split Faculty of Civil Engineering, Architecture and Geodesy, Croatia<\/p>\n\n\n\n<p class=\"has-text-align-center has-normal-font-size\">Mirko \u017divkovi\u0107, Croatian Geodetic Society, Croatia<\/p>\n\n\n\n<p class=\"has-text-align-center has-normal-font-size\">Bruno Pacadi, Croatian Geodetic Society, Croatia<\/p>\n\n\n\n<p class=\"has-text-align-center has-normal-font-size\">Jasmina Trupkovi\u0107, Croatian Geodetic Society, Croatia<\/p>\n","protected":false},"excerpt":{"rendered":"<p>Scientific Committee Miodrag Roi\u0107, president, University of Zagreb Faculty of Geodesy, Croatia Aleksandra Radulovi\u0107, University of Novi Sad Faculty of Technical Sciences, Serbia Alias-Abdul Rahman, Universiti Teknologi Malaysia, Malaysia Ana-Cornelia Badea, Universitatea Tehnica de Constructii Bucuresti, Romania Anka Lisec, University of Ljubljana Faculty of Civil and Geodetic Engineering, Slovenia Bla\u017eenka Mi\u010devi\u0107, AGRODET, Croatia Bo\u017eena Lipej,&hellip;&nbsp;<a href=\"https:\/\/7ccc2022.hgd1952.hr\/index.php\/odbori\/\" class=\"\" rel=\"bookmark\">Read More &raquo;<span class=\"screen-reader-text\">Committees<\/span><\/a><\/p>\n","protected":false},"author":2,"featured_media":0,"parent":0,"menu_order":0,"comment_status":"closed","ping_status":"closed","template":"page-templates\/template-pagebuilder-full-width.php","meta":{"neve_meta_sidebar":"left","neve_meta_container":"","neve_meta_enable_content_width":"on","neve_meta_content_width":62,"neve_meta_title_alignment":"","neve_meta_author_avatar":"","neve_post_elements_order":"","neve_meta_disable_header":"","neve_meta_disable_footer":"","neve_meta_disable_title":"on","_ti_tpc_template_sync":false,"_ti_tpc_template_id":""},"_links":{"self":[{"href":"https:\/\/7ccc2022.hgd1952.hr\/index.php\/wp-json\/wp\/v2\/pages\/250"}],"collection":[{"href":"https:\/\/7ccc2022.hgd1952.hr\/index.php\/wp-json\/wp\/v2\/pages"}],"about":[{"href":"https:\/\/7ccc2022.hgd1952.hr\/index.php\/wp-json\/wp\/v2\/types\/page"}],"author":[{"embeddable":true,"href":"https:\/\/7ccc2022.hgd1952.hr\/index.php\/wp-json\/wp\/v2\/users\/2"}],"replies":[{"embeddable":true,"href":"https:\/\/7ccc2022.hgd1952.hr\/index.php\/wp-json\/wp\/v2\/comments?post=250"}],"version-history":[{"count":18,"href":"https:\/\/7ccc2022.hgd1952.hr\/index.php\/wp-json\/wp\/v2\/pages\/250\/revisions"}],"predecessor-version":[{"id":714,"href":"https:\/\/7ccc2022.hgd1952.hr\/index.php\/wp-json\/wp\/v2\/pages\/250\/revisions\/714"}],"wp:attachment":[{"href":"https:\/\/7ccc2022.hgd1952.hr\/index.php\/wp-json\/wp\/v2\/media?parent=250"}],"curies":[{"name":"wp","href":"https:\/\/api.w.org\/{rel}","templated":true}]}}